{"id":1628,"date":"2018-03-12T12:59:49","date_gmt":"2018-03-12T12:59:49","guid":{"rendered":"https:\/\/grupotesco.com\/blog\/"},"modified":"2018-03-12T12:59:49","modified_gmt":"2018-03-12T12:59:49","slug":"blog","status":"publish","type":"page","link":"https:\/\/grupotesco.com\/ca\/blog\/","title":{"rendered":"Blog"},"content":{"rendered":"<div class=\"fusion-fullwidth fullwidth-box fusion-builder-row-1 nonhundred-percent-fullwidth non-hundred-percent-height-scrolling\" style=\"--awb-border-radius-top-left:0px;--awb-border-radius-top-right:0px;--awb-border-radius-bottom-right:0px;--awb-border-radius-bottom-left:0px;--awb-flex-wrap:wrap;\" ><div class=\"fusion-builder-row fusion-row\"><div class=\"fusion-layout-column fusion_builder_column fusion-builder-column-0 fusion_builder_column_1_1 1_1 fusion-one-full fusion-column-first fusion-column-last\" style=\"--awb-bg-size:cover;--awb-margin-bottom:0px;\"><div class=\"fusion-column-wrapper fusion-flex-column-wrapper-legacy\"><div class=\"fusion-blog-shortcode fusion-blog-shortcode-1 fusion-blog-archive fusion-blog-layout-medium fusion-blog-pagination\"><div class=\"fusion-posts-container fusion-posts-container-pagination fusion-blog-rollover\" data-pages=\"1\"><article id=\"blog-1-post-1707\" class=\"fusion-post-medium post-1707 post type-post status-publish format-standard has-post-thumbnail hentry category-bloc-neteja\">\n\t<style type=\"text\/css\">\n\t\t\n\t\t\n\t\t\n\t\t\n\t\t\t<\/style>\n\n\n\t\t\t<div class=\"fusion-flexslider flexslider fusion-flexslider-loading fusion-post-slideshow\" style=\"\">\n\t\t<ul class=\"slides\">\n\t\t\t\n\t\t\t\t\t\t\t\t\t\t\t\t\t\t<li><div  class=\"fusion-image-wrapper fusion-image-size-fixed\" aria-haspopup=\"true\">\n\t\t\t\t<img decoding=\"async\" width=\"320\" height=\"202\" src=\"https:\/\/grupotesco.com\/wp-content\/uploads\/2018\/03\/trabajar-grupo-tesco-320x202.jpg\" class=\"attachment-blog-medium size-blog-medium wp-post-image\" alt=\"Trabajar en Grupo Tesco\" \/><div class=\"fusion-rollover\">\n\t<div class=\"fusion-rollover-content\">\n\n\t\t\t\t\t\t\t\t\t\t\t\t\t\t<a class=\"fusion-rollover-link\" href=\"https:\/\/grupotesco.com\/ca\/com-treballar-en-grupo-tesco\/\">Com treballar en Grupo TESCO?<\/a>\n\t\t\t\n\t\t\t\t\t\t\t\t\t\t\t\t\t\t\n\t\t\t\t\t\t\t\t\n\t\t\t\t\t\t\t\t\t\t\t\t\t<div class=\"fusion-rollover-sep\"><\/div>\n\t\t\t\t\n\t\t\t\t\t\t\t\t\t\t\t\t\t\t\t\t\t\t<a class=\"fusion-rollover-gallery\" href=\"https:\/\/grupotesco.com\/wp-content\/uploads\/2018\/03\/trabajar-grupo-tesco.jpg\" data-id=\"1707\" data-rel=\"iLightbox[gallery]\" data-title=\"Trabajar en Grupo Tesco\" data-caption=\"\">\n\t\t\t\t\t\tGallery\t\t\t\t\t<\/a>\n\t\t\t\t\t\t\t\t\t\t\t\t\t\t\n\t\t\n\t\t\t\t\t\t\t\t\t\t\t\t<h4 class=\"fusion-rollover-title\">\n\t\t\t\t\t<a class=\"fusion-rollover-title-link\" href=\"https:\/\/grupotesco.com\/ca\/com-treballar-en-grupo-tesco\/\">\n\t\t\t\t\t\tCom treballar en Grupo TESCO?\t\t\t\t\t<\/a>\n\t\t\t\t<\/h4>\n\t\t\t\n\t\t\t\t\t\t\t\t\n\t\t\n\t\t\t\t\t\t<a class=\"fusion-link-wrapper\" href=\"https:\/\/grupotesco.com\/ca\/com-treballar-en-grupo-tesco\/\" aria-label=\"Com treballar en Grupo TESCO?\"><\/a>\n\t<\/div>\n<\/div>\n<\/div>\n<\/li>\n\t\t\t\n\t\t\t\n\t\t\t\t\t\t\t\t\t\t\t\t\t\t\t\t\t\t\t\t\t\t\t\t\t\t\t\t\t\t\t\t\t\t\t\t\t\t\t\t\t\t\t\t\t\t\t\t\t\t\t\t\t\t\t\t\t\t\t\t\t\t\t\t\t\t\t\t<\/ul>\n\t<\/div>\n\t<div class=\"fusion-post-content post-content\"><h2 class=\"blog-shortcode-post-title entry-title\"><a href=\"https:\/\/grupotesco.com\/ca\/com-treballar-en-grupo-tesco\/\">Com treballar en Grupo TESCO?<\/a><\/h2><div class=\"fusion-post-content-container\"><p>En el post d'avui volem transmetre\u2019t quins s\u00f3n els criteris que emprem per a seleccionar personal en Grup TESCO. Es tracta d'un dec\u00e0leg de bones pr\u00e0ctiques i detalls que et duran a ser un\/a empleat\/a perfecte\/a. S\u00f3n 10\u00a0consells que us faran marcar la difer\u00e8ncia i destacar davant la resta.\u00a0D'aquesta manera els causar\u00e0s una impressi\u00f3 excel\u00b7lent als nostres clients. Qui voldria [...]<\/p><\/div><\/div><div class=\"fusion-clearfix\"><\/div><div class=\"fusion-meta-info\"><div class=\"fusion-alignleft\">By <span class=\"vcard\"><span class=\"fn\"><a href=\"https:\/\/grupotesco.com\/ca\/author\/marta\/\" title=\"Entrades de Grupo Tesco\" rel=\"author\">Grupo Tesco<\/a><\/span><\/span><span class=\"fusion-inline-sep\">|<\/span><span class=\"updated\" style=\"display:none;\">2018-05-07T11:59:19+00:00<\/span><span>mar\u00e7 27th, 2018<\/span><span class=\"fusion-inline-sep\">|<\/span>Categories: <a href=\"https:\/\/grupotesco.com\/ca\/category\/bloc-neteja\/\" rel=\"category tag\">Bloc neteja<\/a><span class=\"fusion-inline-sep\">|<\/span><span class=\"fusion-comments\"><a href=\"https:\/\/grupotesco.com\/ca\/com-treballar-en-grupo-tesco\/#respond\">0 Comments<\/a><\/span><\/div><div class=\"fusion-alignright\"><a class=\"fusion-read-more\" href=\"https:\/\/grupotesco.com\/ca\/com-treballar-en-grupo-tesco\/\" aria-label=\"More on Com treballar en Grupo TESCO?\">Read More<\/a><\/div><\/div><\/article>\n<article id=\"blog-1-post-1706\" class=\"fusion-post-medium post-1706 post type-post status-publish format-standard has-post-thumbnail hentry category-bloc-neteja\">\n\t<style type=\"text\/css\">\n\t\t\n\t\t\n\t\t\n\t\t\n\t\t\t<\/style>\n\n\n\t\t\t<div class=\"fusion-flexslider flexslider fusion-flexslider-loading fusion-post-slideshow\" style=\"\">\n\t\t<ul class=\"slides\">\n\t\t\t\n\t\t\t\t\t\t\t\t\t\t\t\t\t\t<li><div  class=\"fusion-image-wrapper fusion-image-size-fixed\" aria-haspopup=\"true\">\n\t\t\t\t<img decoding=\"async\" width=\"320\" height=\"202\" src=\"https:\/\/grupotesco.com\/wp-content\/uploads\/2018\/03\/suelo-terraza-320x202.jpg\" class=\"attachment-blog-medium size-blog-medium wp-post-image\" alt=\"\" \/><div class=\"fusion-rollover\">\n\t<div class=\"fusion-rollover-content\">\n\n\t\t\t\t\t\t\t\t\t\t\t\t\t\t<a class=\"fusion-rollover-link\" href=\"https:\/\/grupotesco.com\/ca\/com-netejar-el-terra-de-terrassa-exterior\/\">Com netejar el terra de terrassa exterior<\/a>\n\t\t\t\n\t\t\t\t\t\t\t\t\t\t\t\t\t\t\n\t\t\t\t\t\t\t\t\n\t\t\t\t\t\t\t\t\t\t\t\t\t<div class=\"fusion-rollover-sep\"><\/div>\n\t\t\t\t\n\t\t\t\t\t\t\t\t\t\t\t\t\t\t\t\t\t\t<a class=\"fusion-rollover-gallery\" href=\"https:\/\/grupotesco.com\/wp-content\/uploads\/2018\/03\/suelo-terraza.jpg\" data-id=\"1706\" data-rel=\"iLightbox[gallery]\" data-title=\"suelo-terraza\" data-caption=\"\">\n\t\t\t\t\t\tGallery\t\t\t\t\t<\/a>\n\t\t\t\t\t\t\t\t\t\t\t\t\t\t\n\t\t\n\t\t\t\t\t\t\t\t\t\t\t\t<h4 class=\"fusion-rollover-title\">\n\t\t\t\t\t<a class=\"fusion-rollover-title-link\" href=\"https:\/\/grupotesco.com\/ca\/com-netejar-el-terra-de-terrassa-exterior\/\">\n\t\t\t\t\t\tCom netejar el terra de terrassa exterior\t\t\t\t\t<\/a>\n\t\t\t\t<\/h4>\n\t\t\t\n\t\t\t\t\t\t\t\t\n\t\t\n\t\t\t\t\t\t<a class=\"fusion-link-wrapper\" href=\"https:\/\/grupotesco.com\/ca\/com-netejar-el-terra-de-terrassa-exterior\/\" aria-label=\"Com netejar el terra de terrassa exterior\"><\/a>\n\t<\/div>\n<\/div>\n<\/div>\n<\/li>\n\t\t\t\n\t\t\t\n\t\t\t\t\t\t\t\t\t\t\t\t\t\t\t\t\t\t\t\t\t\t\t\t\t\t\t\t\t\t\t\t\t\t\t\t\t\t\t\t\t\t\t\t\t\t\t\t\t\t\t\t\t\t\t\t\t\t\t\t\t\t\t\t\t\t\t\t<\/ul>\n\t<\/div>\n\t<div class=\"fusion-post-content post-content\"><h2 class=\"blog-shortcode-post-title entry-title\"><a href=\"https:\/\/grupotesco.com\/ca\/com-netejar-el-terra-de-terrassa-exterior\/\">Com netejar el terra de terrassa exterior<\/a><\/h2><div class=\"fusion-post-content-container\"><p>La terrassa \u00e9s un dels llocs m\u00e9s emprats d'oci d'una casa. El fet que estigui en l'exterior la converteix en un lloc molt propens a embrutar-se, per la qual cosa s'haur\u00e0 de netejar amb certa regularitat. La neteja de la terrassa dep\u00e8n del tipus de s\u00f2l. Netejar terrassa amb s\u00f2l de fang cuit: El fang cuit \u00e9s una opci\u00f3 estupenda [...]<\/p><\/div><\/div><div class=\"fusion-clearfix\"><\/div><div class=\"fusion-meta-info\"><div class=\"fusion-alignleft\">By <span class=\"vcard\"><span class=\"fn\"><a href=\"https:\/\/grupotesco.com\/ca\/author\/marta\/\" title=\"Entrades de Grupo Tesco\" rel=\"author\">Grupo Tesco<\/a><\/span><\/span><span class=\"fusion-inline-sep\">|<\/span><span class=\"updated\" style=\"display:none;\">2018-05-07T12:01:00+00:00<\/span><span>febrer 27th, 2018<\/span><span class=\"fusion-inline-sep\">|<\/span>Categories: <a href=\"https:\/\/grupotesco.com\/ca\/category\/bloc-neteja\/\" rel=\"category tag\">Bloc neteja<\/a><span class=\"fusion-inline-sep\">|<\/span><span class=\"fusion-comments\"><a href=\"https:\/\/grupotesco.com\/ca\/com-netejar-el-terra-de-terrassa-exterior\/#respond\">0 Comments<\/a><\/span><\/div><div class=\"fusion-alignright\"><a class=\"fusion-read-more\" href=\"https:\/\/grupotesco.com\/ca\/com-netejar-el-terra-de-terrassa-exterior\/\" aria-label=\"More on Com netejar el terra de terrassa exterior\">Read More<\/a><\/div><\/div><\/article>\n<\/div><\/div><div class=\"fusion-clearfix\"><\/div><\/div><\/div><\/div><\/div>\n","protected":false},"excerpt":{"rendered":"","protected":false},"author":1,"featured_media":0,"parent":0,"menu_order":0,"comment_status":"closed","ping_status":"closed","template":"100-width.php","meta":{"footnotes":""},"class_list":["post-1628","page","type-page","status-publish","hentry"],"yoast_head":"<!-- This site is optimized with the Yoast SEO plugin v26.7 - https:\/\/yoast.com\/wordpress\/plugins\/seo\/ -->\n<title>Blog - Grupo Tesco<\/title>\n<meta name=\"robots\" content=\"index, follow, max-snippet:-1, max-image-preview:large, max-video-preview:-1\" \/>\n<link rel=\"canonical\" href=\"https:\/\/grupotesco.com\/ca\/blog\/\" \/>\n<meta property=\"og:locale\" content=\"ca_ES\" \/>\n<meta property=\"og:type\" content=\"article\" \/>\n<meta property=\"og:title\" content=\"Blog - Grupo Tesco\" \/>\n<meta property=\"og:url\" content=\"https:\/\/grupotesco.com\/ca\/blog\/\" \/>\n<meta property=\"og:site_name\" content=\"Grupo Tesco\" \/>\n<meta property=\"article:publisher\" content=\"https:\/\/www.facebook.com\/GRUPOTESCOFMS\/\" \/>\n<meta name=\"twitter:card\" content=\"summary_large_image\" \/>\n<meta name=\"twitter:site\" content=\"@GRUPOTESCO\" \/>\n<meta name=\"twitter:label1\" content=\"Temps estimat de lectura\" \/>\n\t<meta name=\"twitter:data1\" content=\"1 minut\" \/>\n<script type=\"application\/ld+json\" class=\"yoast-schema-graph\">{\"@context\":\"https:\/\/schema.org\",\"@graph\":[{\"@type\":\"WebPage\",\"@id\":\"https:\/\/grupotesco.com\/ca\/blog\/\",\"url\":\"https:\/\/grupotesco.com\/ca\/blog\/\",\"name\":\"Blog - Grupo Tesco\",\"isPartOf\":{\"@id\":\"https:\/\/grupotesco.com\/#website\"},\"datePublished\":\"2018-03-12T12:59:49+00:00\",\"breadcrumb\":{\"@id\":\"https:\/\/grupotesco.com\/ca\/blog\/#breadcrumb\"},\"inLanguage\":\"ca\",\"potentialAction\":[{\"@type\":\"ReadAction\",\"target\":[\"https:\/\/grupotesco.com\/ca\/blog\/\"]}]},{\"@type\":\"BreadcrumbList\",\"@id\":\"https:\/\/grupotesco.com\/ca\/blog\/#breadcrumb\",\"itemListElement\":[{\"@type\":\"ListItem\",\"position\":1,\"name\":\"Portada\",\"item\":\"https:\/\/grupotesco.com\/ca\/\"},{\"@type\":\"ListItem\",\"position\":2,\"name\":\"Blog\"}]},{\"@type\":\"WebSite\",\"@id\":\"https:\/\/grupotesco.com\/#website\",\"url\":\"https:\/\/grupotesco.com\/\",\"name\":\"Grupo Tesco, servicios de limpieza\",\"description\":\"Facility Management &amp; Services\",\"publisher\":{\"@id\":\"https:\/\/grupotesco.com\/#organization\"},\"potentialAction\":[{\"@type\":\"SearchAction\",\"target\":{\"@type\":\"EntryPoint\",\"urlTemplate\":\"https:\/\/grupotesco.com\/?s={search_term_string}\"},\"query-input\":{\"@type\":\"PropertyValueSpecification\",\"valueRequired\":true,\"valueName\":\"search_term_string\"}}],\"inLanguage\":\"ca\"},{\"@type\":\"Organization\",\"@id\":\"https:\/\/grupotesco.com\/#organization\",\"name\":\"Grupo Tesco, servicios de limpieza\",\"url\":\"https:\/\/grupotesco.com\/\",\"logo\":{\"@type\":\"ImageObject\",\"inLanguage\":\"ca\",\"@id\":\"https:\/\/grupotesco.com\/#\/schema\/logo\/image\/\",\"url\":\"https:\/\/grupotesco.com\/wp-content\/uploads\/2018\/03\/emppresa-de-limpieza.jpg\",\"contentUrl\":\"https:\/\/grupotesco.com\/wp-content\/uploads\/2018\/03\/emppresa-de-limpieza.jpg\",\"width\":437,\"height\":120,\"caption\":\"Grupo Tesco, servicios de limpieza\"},\"image\":{\"@id\":\"https:\/\/grupotesco.com\/#\/schema\/logo\/image\/\"},\"sameAs\":[\"https:\/\/www.facebook.com\/GRUPOTESCOFMS\/\",\"https:\/\/x.com\/GRUPOTESCO\",\"https:\/\/www.linkedin.com\/company\/11229041\/\",\"https:\/\/www.youtube.com\/channel\/UC6uJD18fWugblAQjIkOAZnw\"]}]}<\/script>\n<!-- \/ Yoast SEO plugin. -->","yoast_head_json":{"title":"Blog - Grupo Tesco","robots":{"index":"index","follow":"follow","max-snippet":"max-snippet:-1","max-image-preview":"max-image-preview:large","max-video-preview":"max-video-preview:-1"},"canonical":"https:\/\/grupotesco.com\/ca\/blog\/","og_locale":"ca_ES","og_type":"article","og_title":"Blog - Grupo Tesco","og_url":"https:\/\/grupotesco.com\/ca\/blog\/","og_site_name":"Grupo Tesco","article_publisher":"https:\/\/www.facebook.com\/GRUPOTESCOFMS\/","twitter_card":"summary_large_image","twitter_site":"@GRUPOTESCO","twitter_misc":{"Temps estimat de lectura":"1 minut"},"schema":{"@context":"https:\/\/schema.org","@graph":[{"@type":"WebPage","@id":"https:\/\/grupotesco.com\/ca\/blog\/","url":"https:\/\/grupotesco.com\/ca\/blog\/","name":"Blog - Grupo Tesco","isPartOf":{"@id":"https:\/\/grupotesco.com\/#website"},"datePublished":"2018-03-12T12:59:49+00:00","breadcrumb":{"@id":"https:\/\/grupotesco.com\/ca\/blog\/#breadcrumb"},"inLanguage":"ca","potentialAction":[{"@type":"ReadAction","target":["https:\/\/grupotesco.com\/ca\/blog\/"]}]},{"@type":"BreadcrumbList","@id":"https:\/\/grupotesco.com\/ca\/blog\/#breadcrumb","itemListElement":[{"@type":"ListItem","position":1,"name":"Portada","item":"https:\/\/grupotesco.com\/ca\/"},{"@type":"ListItem","position":2,"name":"Blog"}]},{"@type":"WebSite","@id":"https:\/\/grupotesco.com\/#website","url":"https:\/\/grupotesco.com\/","name":"Grupo Tesco, servicios de limpieza","description":"Facility Management &amp; Services","publisher":{"@id":"https:\/\/grupotesco.com\/#organization"},"potentialAction":[{"@type":"SearchAction","target":{"@type":"EntryPoint","urlTemplate":"https:\/\/grupotesco.com\/?s={search_term_string}"},"query-input":{"@type":"PropertyValueSpecification","valueRequired":true,"valueName":"search_term_string"}}],"inLanguage":"ca"},{"@type":"Organization","@id":"https:\/\/grupotesco.com\/#organization","name":"Grupo Tesco, servicios de limpieza","url":"https:\/\/grupotesco.com\/","logo":{"@type":"ImageObject","inLanguage":"ca","@id":"https:\/\/grupotesco.com\/#\/schema\/logo\/image\/","url":"https:\/\/grupotesco.com\/wp-content\/uploads\/2018\/03\/emppresa-de-limpieza.jpg","contentUrl":"https:\/\/grupotesco.com\/wp-content\/uploads\/2018\/03\/emppresa-de-limpieza.jpg","width":437,"height":120,"caption":"Grupo Tesco, servicios de limpieza"},"image":{"@id":"https:\/\/grupotesco.com\/#\/schema\/logo\/image\/"},"sameAs":["https:\/\/www.facebook.com\/GRUPOTESCOFMS\/","https:\/\/x.com\/GRUPOTESCO","https:\/\/www.linkedin.com\/company\/11229041\/","https:\/\/www.youtube.com\/channel\/UC6uJD18fWugblAQjIkOAZnw"]}]}},"_links":{"self":[{"href":"https:\/\/grupotesco.com\/ca\/wp-json\/wp\/v2\/pages\/1628\/"}],"collection":[{"href":"https:\/\/grupotesco.com\/ca\/wp-json\/wp\/v2\/pages\/"}],"about":[{"href":"https:\/\/grupotesco.com\/ca\/wp-json\/wp\/v2\/types\/page\/"}],"author":[{"embeddable":true,"href":"https:\/\/grupotesco.com\/ca\/wp-json\/wp\/v2\/users\/1\/"}],"replies":[{"embeddable":true,"href":"https:\/\/grupotesco.com\/ca\/wp-json\/wp\/v2\/comments\/?post=1628"}],"version-history":[{"count":0,"href":"https:\/\/grupotesco.com\/ca\/wp-json\/wp\/v2\/pages\/1628\/revisions\/"}],"wp:attachment":[{"href":"https:\/\/grupotesco.com\/ca\/wp-json\/wp\/v2\/media\/?parent=1628"}],"curies":[{"name":"wp","href":"https:\/\/api.w.org\/{rel}","templated":true}]}}